{"id":15936,"date":"2022-01-17T11:22:19","date_gmt":"2022-01-17T11:22:19","guid":{"rendered":"https:\/\/corsieridelpalio.com\/corsieri-del-palio-production-process\/"},"modified":"2022-03-08T12:53:53","modified_gmt":"2022-03-08T12:53:53","slug":"corsieri-del-palio-processo-di-produzione","status":"publish","type":"page","link":"https:\/\/corsieridelpalio.com\/it\/corsieri-del-palio-processo-di-produzione\/","title":{"rendered":"CORSIERI DEL PALIO, PROCESSO DI PRODUZIONE"},"content":{"rendered":"<p>[vc_row css_animation=&#8221;element_from_fade&#8221; row_type=&#8221;row&#8221; use_row_as_full_screen_section=&#8221;no&#8221; type=&#8221;grid&#8221; angled_section=&#8221;no&#8221; text_align=&#8221;left&#8221; background_image_as_pattern=&#8221;without_pattern&#8221; z_index=&#8221;&#8221; padding_bottom=&#8221;50&#8243;][vc_column][vc_column_text]<\/p>\n<h4><strong>Il vino base<br \/>\n<\/strong><\/h4>\n<p><span style=\"font-weight: 400;\">La base \u00e8 costituita da una selezione di vini bianchi italiani, tra cui il Moscato, che conferisce la tipica aromaticit\u00e0, e altri vitigni del sud Italia, famosi per la loro sapidit\u00e0 e calore. Il vino base \u00e8 infatti un elemento molto importante e determinante. Deve avere una buona struttura e un basso livello di acidit\u00e0 per esaltare le caratteristiche organolettiche e la morbidezza del prodotto finale.<\/span>[\/vc_column_text][\/vc_column][\/vc_row][vc_row css_animation=&#8221;&#8221; row_type=&#8221;row&#8221; use_row_as_full_screen_section=&#8221;no&#8221; type=&#8221;full_width&#8221; angled_section=&#8221;no&#8221; text_align=&#8221;center&#8221; background_image_as_pattern=&#8221;without_pattern&#8221; z_index=&#8221;&#8221;][vc_column][vc_single_image image=&#8221;15412&#8243; img_size=&#8221;full&#8221; alignment=&#8221;center&#8221; qode_css_animation=&#8221;element_from_fade&#8221;][\/vc_column][\/vc_row][vc_row css_animation=&#8221;element_from_fade&#8221; row_type=&#8221;row&#8221; use_row_as_full_screen_section=&#8221;no&#8221; type=&#8221;grid&#8221; angled_section=&#8221;no&#8221; text_align=&#8221;left&#8221; background_image_as_pattern=&#8221;without_pattern&#8221; z_index=&#8221;&#8221; padding_bottom=&#8221;50&#8243; padding_top=&#8221;50&#8243;][vc_column][vc_column_text]<\/p>\n<h4><strong>La fase iniziale<br \/>\n<\/strong><\/h4>\n<p><span style=\"font-weight: 400;\">Per il Vermouth di Torino Rosso, La preparazione artigianale inizia con la fortificazione del vino con alcool puro. Segue il processo di infusione a caldo. Questa tecnica artigianale consiste nel lasciare il vino &#8220;a riposare al caldo\u201d, insieme alla botanica pi\u00f9 caratteristica: l\u2019Artemisia Abshintium (nome latino) che viene comunemente chiamata &#8220;Assenzio&#8221; o anche &#8220;Assenzio Maggiore&#8221;.<\/span><\/p>\n<p><span style=\"font-weight: 400;\">Quando questo processo sar\u00e0 concluso, avremo poi quello che tradizionalmente viene chiamato &#8220;il decotto&#8221;. In queste fasi iniziali e delicate, essenziali per il buon risultato finale del prodotto, si sviluppano i profumi, i sapori e i colori di quello che poi diventer\u00e0 il Vermouth di Torino Corsieri del Palio.<\/span>[\/vc_column_text][\/vc_column][\/vc_row][vc_row css_animation=&#8221;&#8221; row_type=&#8221;row&#8221; use_row_as_full_screen_section=&#8221;no&#8221; type=&#8221;full_width&#8221; angled_section=&#8221;no&#8221; text_align=&#8221;center&#8221; background_image_as_pattern=&#8221;without_pattern&#8221; z_index=&#8221;&#8221;][vc_column][vc_single_image image=&#8221;15414&#8243; img_size=&#8221;full&#8221; alignment=&#8221;center&#8221; qode_css_animation=&#8221;element_from_fade&#8221;][\/vc_column][\/vc_row][vc_row css_animation=&#8221;element_from_fade&#8221; row_type=&#8221;row&#8221; use_row_as_full_screen_section=&#8221;no&#8221; type=&#8221;grid&#8221; angled_section=&#8221;no&#8221; text_align=&#8221;left&#8221; background_image_as_pattern=&#8221;without_pattern&#8221; z_index=&#8221;&#8221; padding_bottom=&#8221;50&#8243; padding_top=&#8221;50&#8243;][vc_column][vc_column_text]<span style=\"font-weight: 400;\">Una fase essenziale \u00e8 la preparazione delle singole infusioni. Vengono preparate almeno 6 mesi prima, e successivamente aggiunte al decotto. Si ottengono macerando le essenze in una soluzione idroalcolica.<\/span><\/p>\n<p><span style=\"font-weight: 400;\">Queste infusioni saranno necessarie per completare il profilo aromatico del vermut. Possiamo trovare l&#8217;Assenzio Romano combinato con diverse variet\u00e0 di erbe e spezie tra cui: BALSAMO TOULOU, ZAFFERANO, BUCCIA DI ARANCIA AMARA E DOLCE, MIRRA, MACIS, RABARBARO, CANNELLA, VANIGLIA IN BACCHE.<\/span><\/p>\n<p><span style=\"font-weight: 400;\">Le botaniche sono trattate per categoria (fiori, foglie, radici, semi) e sono sottoposte a un&#8217;infusione a freddo in alcool e acqua (macerazione); ogni categoria ha un tempo di macerazione diverso, per questo la macerazione per categoria \u00e8 preparata in modo dedicato e individuale.<\/span><\/p>\n<p><span style=\"font-weight: 400;\">Alcune botaniche sono anche infuse individualmente.<\/span><\/p>\n<p><span style=\"font-weight: 400;\">Il Vermouth di Torino Corsieri del Palio <\/span><b>bianco<\/b><span style=\"font-weight: 400;\">, al contrario, non prevede una prima infusione a caldo (decotto) ma tutte le erbe e le spezie sono infuse individualmente e suddivise per categoria attraverso un processo di macerazione in acqua e alcol (infusioni a freddo). I principali componenti, nella versione bianca, sono Assenzio gentile, Santoreggia, Genziana, Genzianella, Coriandolo, Arancio amaro, Rabarbaro, Camomilla, Sambuco.<\/span>[\/vc_column_text][\/vc_column][\/vc_row][vc_row css_animation=&#8221;&#8221; row_type=&#8221;row&#8221; use_row_as_full_screen_section=&#8221;no&#8221; type=&#8221;full_width&#8221; angled_section=&#8221;no&#8221; text_align=&#8221;center&#8221; background_image_as_pattern=&#8221;without_pattern&#8221; z_index=&#8221;&#8221;][vc_column][vc_single_image image=&#8221;15416&#8243; img_size=&#8221;full&#8221; alignment=&#8221;center&#8221; qode_css_animation=&#8221;element_from_fade&#8221;][\/vc_column][\/vc_row][vc_row css_animation=&#8221;element_from_fade&#8221; row_type=&#8221;row&#8221; use_row_as_full_screen_section=&#8221;no&#8221; type=&#8221;grid&#8221; angled_section=&#8221;no&#8221; text_align=&#8221;left&#8221; background_image_as_pattern=&#8221;without_pattern&#8221; z_index=&#8221;&#8221; padding_bottom=&#8221;50&#8243; padding_top=&#8221;50&#8243;][vc_column][vc_column_text]<\/p>\n<h4><strong>Le fasi finali<br \/>\n<\/strong><\/h4>\n<p><span style=\"font-weight: 400;\">Una volta pronti, gli infusi vengono mescolati con il vino fortificato. Questa miscela comprende naturalmente anche il decotto (per quanto riguarda il Rosso) e lo zucchero.<\/span>[\/vc_column_text][\/vc_column][\/vc_row][vc_row css_animation=&#8221;&#8221; row_type=&#8221;row&#8221; use_row_as_full_screen_section=&#8221;no&#8221; type=&#8221;full_width&#8221; angled_section=&#8221;no&#8221; text_align=&#8221;center&#8221; background_image_as_pattern=&#8221;without_pattern&#8221; z_index=&#8221;&#8221;][vc_column][vc_single_image image=&#8221;15417&#8243; img_size=&#8221;full&#8221; alignment=&#8221;center&#8221; qode_css_animation=&#8221;element_from_fade&#8221;][\/vc_column][\/vc_row][vc_row css_animation=&#8221;element_from_fade&#8221; row_type=&#8221;row&#8221; use_row_as_full_screen_section=&#8221;no&#8221; type=&#8221;grid&#8221; angled_section=&#8221;no&#8221; text_align=&#8221;left&#8221; background_image_as_pattern=&#8221;without_pattern&#8221; z_index=&#8221;&#8221; padding_bottom=&#8221;50&#8243; padding_top=&#8221;50&#8243;][vc_column][vc_column_text]<span style=\"font-weight: 400;\">\u00c8 il momento per i prodotti di avere un po&#8217; di &#8220;riposo&#8221; e vengono dunque lasciati per circa 20 giorni nella vasca di cantina, per un processo di pulizia (chiarificazione) &#8211; una volta pronti, si procede con una filtrazione e un\u2019attenta valutazione da parte dei tecnici, prima dell&#8217;imbottigliamento.<\/span>[\/vc_column_text][\/vc_column][\/vc_row][vc_row css_animation=&#8221;&#8221; row_type=&#8221;row&#8221; use_row_as_full_screen_section=&#8221;no&#8221; type=&#8221;full_width&#8221; angled_section=&#8221;no&#8221; text_align=&#8221;center&#8221; background_image_as_pattern=&#8221;without_pattern&#8221; z_index=&#8221;&#8221; padding_bottom=&#8221;50&#8243;][vc_column][vc_single_image image=&#8221;15418&#8243; img_size=&#8221;full&#8221; alignment=&#8221;center&#8221; qode_css_animation=&#8221;element_from_fade&#8221;][\/vc_column][\/vc_row]<\/p>\n","protected":false},"excerpt":{"rendered":"<p>[vc_row css_animation=&#8221;element_from_fade&#8221; row_type=&#8221;row&#8221; use_row_as_full_screen_section=&#8221;no&#8221; type=&#8221;grid&#8221; angled_section=&#8221;no&#8221; text_align=&#8221;left&#8221; background_image_as_pattern=&#8221;without_pattern&#8221; z_index=&#8221;&#8221; padding_bottom=&#8221;50&#8243;][vc_column][vc_column_text] Il vino base La base \u00e8 costituita da una selezione di vini bianchi italiani, tra cui il Moscato, che conferisce la tipica aromaticit\u00e0, e altri vitigni del sud Italia, famosi per la loro sapidit\u00e0 e&#8230;<\/p>\n","protected":false},"author":1,"featured_media":0,"parent":0,"menu_order":0,"comment_status":"open","ping_status":"open","template":"full_width.php","meta":[],"_links":{"self":[{"href":"https:\/\/corsieridelpalio.com\/it\/wp-json\/wp\/v2\/pages\/15936"}],"collection":[{"href":"https:\/\/corsieridelpalio.com\/it\/wp-json\/wp\/v2\/pages"}],"about":[{"href":"https:\/\/corsieridelpalio.com\/it\/wp-json\/wp\/v2\/types\/page"}],"author":[{"embeddable":true,"href":"https:\/\/corsieridelpalio.com\/it\/wp-json\/wp\/v2\/users\/1"}],"replies":[{"embeddable":true,"href":"https:\/\/corsieridelpalio.com\/it\/wp-json\/wp\/v2\/comments?post=15936"}],"version-history":[{"count":2,"href":"https:\/\/corsieridelpalio.com\/it\/wp-json\/wp\/v2\/pages\/15936\/revisions"}],"predecessor-version":[{"id":15943,"href":"https:\/\/corsieridelpalio.com\/it\/wp-json\/wp\/v2\/pages\/15936\/revisions\/15943"}],"wp:attachment":[{"href":"https:\/\/corsieridelpalio.com\/it\/wp-json\/wp\/v2\/media?parent=15936"}],"curies":[{"name":"wp","href":"https:\/\/api.w.org\/{rel}","templated":true}]}}