{"id":15909,"date":"2014-05-20T07:51:11","date_gmt":"2014-05-20T07:51:11","guid":{"rendered":"https:\/\/corsieridelpalio.com\/home\/"},"modified":"2023-01-31T05:38:57","modified_gmt":"2023-01-31T05:38:57","slug":"home","status":"publish","type":"page","link":"https:\/\/corsieridelpalio.com\/it\/","title":{"rendered":"Home"},"content":{"rendered":"<p>[vc_row css_animation=&#8221;&#8221; row_type=&#8221;row&#8221; use_row_as_full_screen_section=&#8221;no&#8221; type=&#8221;full_width&#8221; angled_section=&#8221;no&#8221; text_align=&#8221;left&#8221; background_image_as_pattern=&#8221;without_pattern&#8221;][vc_column][vc_column_text]         <style>\r\n             #player69f5ea47e4a28.h5vp_player { width: ; border-radius: ; overflow: hidden; }        <\/style>\r\n        <div id=\"h5vp_player\">\r\n            <div data-unique-id=\"69f5ea47e4a79\" id=\"player69f5ea47e4a28\" class=\"h5vp_player h5vp_player_initializer\" data-settings=\"{&quot;options&quot;:{&quot;controls&quot;:[&quot;play-large&quot;,&quot;rewind&quot;,&quot;play&quot;,&quot;fast-forward&quot;,&quot;progress&quot;,&quot;current-time&quot;,&quot;mute&quot;,&quot;volume&quot;,&quot;settings&quot;,&quot;fullscreen&quot;],&quot;loop&quot;:{&quot;active&quot;:false},&quot;muted&quot;:false,&quot;hideControls&quot;:true,&quot;autoplay&quot;:true,&quot;tooltips&quot;:{&quot;controls&quot;:true,&quot;seek&quot;:true},&quot;resetOnEnd&quot;:true,&quot;captions&quot;:{&quot;active&quot;:true,&quot;update&quot;:true}},&quot;infos&quot;:{&quot;source&quot;:&quot;https:\\\/\\\/corsieridelpalio.com\\\/video\\\/dali_ita.mp4&quot;,&quot;poster&quot;:&quot;https:\\\/\\\/corsieridelpalio.com\\\/wp-content\\\/uploads\\\/2022\\\/12\\\/sfondo.jpg&quot;,&quot;skin&quot;:&quot;default&quot;,&quot;pause_other&quot;:false,&quot;id&quot;:0}}\">\r\n                <video playsinline poster=\"https:\/\/corsieridelpalio.com\/wp-content\/uploads\/2022\/12\/sfondo.jpg\"  autoplay >\r\n                    <source src=\"https:\/\/corsieridelpalio.com\/video\/dali_ita.mp4\" type=\"video\/mp4\">\r\n                    Your browser does not support the video tag.\r\n                <\/video>\r\n            <\/div>\r\n        <\/div>\r\n        [\/vc_column_text][\/vc_column][\/vc_row][vc_row css_animation=&#8221;&#8221; row_type=&#8221;row&#8221; use_row_as_full_screen_section=&#8221;no&#8221; type=&#8221;full_width&#8221; angled_section=&#8221;no&#8221; text_align=&#8221;left&#8221; background_image_as_pattern=&#8221;without_pattern&#8221;][vc_column][qode_elements_holder number_of_columns=&#8221;two_columns&#8221; columns_proportion=&#8221;66_33&#8243;][qode_elements_holder_item vertical_alignment=&#8221;middle&#8221; horizontal_alignment=&#8221;left&#8221; advanced_animations=&#8221;no&#8221; item_padding=&#8221;30px 30px 30px 30px&#8221;][vc_column_text]<span style=\"font-weight: 400;\">Il Vermouth di Torino Corsieri del Palio \u00e8 un omaggio alla storica citt\u00e0 di Asti, con il suo passato medievale e il suo legame con un altrettanto antico evento: &#8220;Il Palio&#8221;. Un&#8217;antica ricetta che rispecchia le radici del Piemonte.<\/span><\/p>\n<p>&nbsp;<\/p>\n<p><span style=\"font-weight: 400;\">Il &#8220;Corsiero&#8221; \u00e8 un cavallo da corsa nobile, forte e bello, orgoglioso e determinato alla sfida. Cos\u00ec come il nostro Vermouth, deciso ed equilibrato, con note dolci-amare e un finale agrumato.<\/span><\/p>\n<p>&nbsp;<\/p>\n<p><span style=\"font-weight: 400;\">La sua ricetta prevede un&#8217;accurata selezione di erbe e spezie, infuse singolarmente a caldo o estratte a freddo e solo successivamente miscelate, dopo che tutto il profumo e l\u2019aroma sono stati naturalmente assorbiti dai singoli infusi.<\/span><\/p>\n<p>&nbsp;<\/p>\n<p><span style=\"font-weight: 400;\">Tra i componenti principali, oltre alla famosa e indispensabile artemisia, troviamo scorze di arancio amaro, cannella, vaniglia bourbon, genziana, zafferano, macis arillo, balsamo eli Tolu, china calissaia, mirra resina lacrima, rabarbaro piatto, semi di coriandolo, santoreggia. Il Vermouth di Torino Corsieri del Palio \u00e8 ineguagliabile consumato da solo. Pu\u00f2 essere abbinato ad un\u2019acqua tonica di qualit\u00e0 per un aperitivo leggero ed \u00e8 eccellente come ingrediente per i pi\u00f9 classici e rinomati cocktails, tra i quali il Negroni e il Manhattan.<\/span>[\/vc_column_text][\/qode_elements_holder_item][qode_elements_holder_item horizontal_alignment=&#8221;right&#8221; advanced_animations=&#8221;no&#8221; item_padding=&#8221;0px 0px 0px 0px&#8221;][vc_single_image image=&#8221;15487&#8243; img_size=&#8221;full&#8221; alignment=&#8221;right&#8221; qode_css_animation=&#8221;&#8221;][\/qode_elements_holder_item][\/qode_elements_holder][\/vc_column][\/vc_row]<\/p>\n","protected":false},"excerpt":{"rendered":"<p>[vc_row css_animation=&#8221;&#8221; row_type=&#8221;row&#8221; use_row_as_full_screen_section=&#8221;no&#8221; type=&#8221;full_width&#8221; angled_section=&#8221;no&#8221; text_align=&#8221;left&#8221; background_image_as_pattern=&#8221;without_pattern&#8221;][vc_column][vc_column_text][\/vc_column_text][\/vc_column][\/vc_row][vc_row css_animation=&#8221;&#8221; row_type=&#8221;row&#8221; use_row_as_full_screen_section=&#8221;no&#8221; type=&#8221;full_width&#8221; angled_section=&#8221;no&#8221; text_align=&#8221;left&#8221; background_image_as_pattern=&#8221;without_pattern&#8221;][vc_column][qode_elements_holder number_of_columns=&#8221;two_columns&#8221; columns_proportion=&#8221;66_33&#8243;][qode_elements_holder_item vertical_alignment=&#8221;middle&#8221; horizontal_alignment=&#8221;left&#8221; advanced_animations=&#8221;no&#8221; item_padding=&#8221;30px 30px 30px 30px&#8221;][vc_column_text]Il Vermouth di Torino Corsieri del Palio \u00e8 un omaggio alla storica citt\u00e0 di Asti, con il suo passato medievale e il&#8230;<\/p>\n","protected":false},"author":1,"featured_media":0,"parent":0,"menu_order":0,"comment_status":"open","ping_status":"open","template":"full_width.php","meta":[],"_links":{"self":[{"href":"https:\/\/corsieridelpalio.com\/it\/wp-json\/wp\/v2\/pages\/15909"}],"collection":[{"href":"https:\/\/corsieridelpalio.com\/it\/wp-json\/wp\/v2\/pages"}],"about":[{"href":"https:\/\/corsieridelpalio.com\/it\/wp-json\/wp\/v2\/types\/page"}],"author":[{"embeddable":true,"href":"https:\/\/corsieridelpalio.com\/it\/wp-json\/wp\/v2\/users\/1"}],"replies":[{"embeddable":true,"href":"https:\/\/corsieridelpalio.com\/it\/wp-json\/wp\/v2\/comments?post=15909"}],"version-history":[{"count":7,"href":"https:\/\/corsieridelpalio.com\/it\/wp-json\/wp\/v2\/pages\/15909\/revisions"}],"predecessor-version":[{"id":16255,"href":"https:\/\/corsieridelpalio.com\/it\/wp-json\/wp\/v2\/pages\/15909\/revisions\/16255"}],"wp:attachment":[{"href":"https:\/\/corsieridelpalio.com\/it\/wp-json\/wp\/v2\/media?parent=15909"}],"curies":[{"name":"wp","href":"https:\/\/api.w.org\/{rel}","templated":true}]}}