{"id":15946,"date":"2022-01-17T11:52:17","date_gmt":"2022-01-17T11:52:17","guid":{"rendered":"https:\/\/corsieridelpalio.com\/tasting-notes\/"},"modified":"2022-03-08T13:02:13","modified_gmt":"2022-03-08T13:02:13","slug":"tasting-notes","status":"publish","type":"page","link":"https:\/\/corsieridelpalio.com\/fr\/tasting-notes\/","title":{"rendered":"NOTES DE D\u00c9GUSTATION"},"content":{"rendered":"<p>[vc_row css_animation=\u00a0\u00bbelement_from_fade\u00a0\u00bb row_type=\u00a0\u00bbrow\u00a0\u00bb use_row_as_full_screen_section=\u00a0\u00bbno\u00a0\u00bb type=\u00a0\u00bbgrid\u00a0\u00bb angled_section=\u00a0\u00bbno\u00a0\u00bb text_align=\u00a0\u00bbleft\u00a0\u00bb background_image_as_pattern=\u00a0\u00bbwithout_pattern\u00a0\u00bb z_index=\u00a0\u00bb\u00a0\u00bb padding_bottom=\u00a0\u00bb50&Prime;][vc_column width=\u00a0\u00bb1\/2&Prime;][vc_single_image image=\u00a0\u00bb15425&Prime; img_size=\u00a0\u00bbfull\u00a0\u00bb alignment=\u00a0\u00bbcenter\u00a0\u00bb qode_css_animation=\u00a0\u00bbelement_from_left\u00a0\u00bb][vc_empty_space height=\u00a0\u00bb20px\u00a0\u00bb][\/vc_column][vc_column css_animation=\u00a0\u00bbnone\u00a0\u00bb width=\u00a0\u00bb1\/2&Prime;][vc_empty_space height=\u00a0\u00bb100px\u00a0\u00bb][vc_column_text]<\/p>\n<h1>Vermouth di Torino Corsieri del Palio Rosso<\/h1>\n<p>[\/vc_column_text][vc_empty_space height=\u00a0\u00bb50px\u00a0\u00bb][vc_column_text]<\/p>\n<ul>\n<li><span style=\"font-weight: 400;\"><strong>Zone de production<\/strong> : Asti<\/span><\/li>\n<li><strong>Vin utilis\u00e9<\/strong>\u00a0: c\u00e9pages \u00e0 baie blanche<\/li>\n<li><strong>Ingr\u00e9dients<\/strong> : vin, sucre, alcool, extraits de plantes aromatiques, herbes et \u00e9pices<\/li>\n<li><strong>Alcool<\/strong> : 16,5 % Vol.<\/li>\n<li><strong>Robe<\/strong> : rubis ambr\u00e9<\/li>\n<li><strong>Nez<\/strong> : senteurs intenses et d\u00e9licates d\u2019agrumes et d\u2019\u00e9pices ; tr\u00e8s complexe avec de fortes notes d\u2019orange am\u00e8re et douce, de rhubarbe, de cannelle, de vanille et de gentiane<\/li>\n<li><strong>Palais<\/strong> : Doux, tr\u00e8s structur\u00e9 et avec un agr\u00e9able arri\u00e8re-gout amer<\/li>\n<li><strong>Temp\u00e9rature de service<\/strong> : 6\u00b0-8\u00b0C<\/li>\n<li><strong>Modalit\u00e9s de consommation<\/strong> : \u00e0 d\u00e9guster tel quel ou avec des gla\u00e7ons. Excellent comme ingr\u00e9dient de cocktail<\/li>\n<\/ul>\n<p>[\/vc_column_text][vc_empty_space height=\u00a0\u00bb20px\u00a0\u00bb][\/vc_column][\/vc_row][vc_row css_animation=\u00a0\u00bbelement_from_fade\u00a0\u00bb row_type=\u00a0\u00bbrow\u00a0\u00bb use_row_as_full_screen_section=\u00a0\u00bbno\u00a0\u00bb type=\u00a0\u00bbgrid\u00a0\u00bb angled_section=\u00a0\u00bbno\u00a0\u00bb text_align=\u00a0\u00bbleft\u00a0\u00bb background_image_as_pattern=\u00a0\u00bbwithout_pattern\u00a0\u00bb z_index=\u00a0\u00bb\u00a0\u00bb padding_bottom=\u00a0\u00bb50&Prime;][vc_column width=\u00a0\u00bb1\/2&Prime;][vc_single_image image=\u00a0\u00bb15508&Prime; img_size=\u00a0\u00bbfull\u00a0\u00bb alignment=\u00a0\u00bbcenter\u00a0\u00bb qode_css_animation=\u00a0\u00bbelement_from_left\u00a0\u00bb][vc_empty_space height=\u00a0\u00bb20px\u00a0\u00bb][\/vc_column][vc_column css_animation=\u00a0\u00bbnone\u00a0\u00bb width=\u00a0\u00bb1\/2&Prime;][vc_empty_space height=\u00a0\u00bb100px\u00a0\u00bb][vc_column_text]<\/p>\n<h1>Vermouth di Torino Corsieri del Palio Bianco<\/h1>\n<p>[\/vc_column_text][vc_empty_space height=\u00a0\u00bb50px\u00a0\u00bb][vc_column_text]<\/p>\n<ul>\n<li><span style=\"font-weight: 400;\"><strong>Zone de production<\/strong> : Asti<\/span><\/li>\n<li><strong>Vin utilis\u00e9<\/strong> : c\u00e9pages \u00e0 baie blanche<\/li>\n<li><strong>Ingr\u00e9dients<\/strong> : vin, sucre, alcool, extraits de plantes aromatiques, herbes et \u00e9pices<\/li>\n<li><strong>Alcool<\/strong> : 16,5 % Vol.<\/li>\n<li><strong>Robe<\/strong> : or p\u00e2le<\/li>\n<li><strong>Nez<\/strong> : D\u00e9licates et intenses senteurs de tilleul et d\u2019\u00e9pices. Nez complexe avec des ar\u00f4mes vineux et des notes de clou de girofle et de noix muscade.<\/li>\n<li><strong>Palais<\/strong> : Doux, g\u00e9n\u00e9reux et d\u00e9licatement \u00e9pic\u00e9 (cannelle et vanille) avec un amer persistant<\/li>\n<li><strong>Temp\u00e9rature de service<\/strong> : 6-8\u00b0C<\/li>\n<li><strong>Modalit\u00e9s de consommation<\/strong> : \u00e0 d\u00e9guster tel quel ou avec des gla\u00e7ons. Excellent comme ingr\u00e9dient de cocktail<\/li>\n<\/ul>\n<p>[\/vc_column_text][vc_empty_space height=\u00a0\u00bb20px\u00a0\u00bb][\/vc_column][\/vc_row]<\/p>\n","protected":false},"excerpt":{"rendered":"<p>[vc_row css_animation=\u00a0\u00bbelement_from_fade\u00a0\u00bb row_type=\u00a0\u00bbrow\u00a0\u00bb use_row_as_full_screen_section=\u00a0\u00bbno\u00a0\u00bb type=\u00a0\u00bbgrid\u00a0\u00bb angled_section=\u00a0\u00bbno\u00a0\u00bb text_align=\u00a0\u00bbleft\u00a0\u00bb background_image_as_pattern=\u00a0\u00bbwithout_pattern\u00a0\u00bb z_index=\u00a0\u00bb\u00a0\u00bb padding_bottom=\u00a0\u00bb50&Prime;][vc_column width=\u00a0\u00bb1\/2&Prime;][vc_single_image image=\u00a0\u00bb15425&Prime; img_size=\u00a0\u00bbfull\u00a0\u00bb alignment=\u00a0\u00bbcenter\u00a0\u00bb qode_css_animation=\u00a0\u00bbelement_from_left\u00a0\u00bb][vc_empty_space height=\u00a0\u00bb20px\u00a0\u00bb][\/vc_column][vc_column css_animation=\u00a0\u00bbnone\u00a0\u00bb width=\u00a0\u00bb1\/2&Prime;][vc_empty_space height=\u00a0\u00bb100px\u00a0\u00bb][vc_column_text] Vermouth di Torino Corsieri del Palio Rosso [\/vc_column_text][vc_empty_space height=\u00a0\u00bb50px\u00a0\u00bb][vc_column_text] Zone de production : Asti Vin utilis\u00e9\u00a0: c\u00e9pages \u00e0 baie blanche Ingr\u00e9dients : vin, sucre, alcool, extraits&#8230;<\/p>\n","protected":false},"author":1,"featured_media":0,"parent":0,"menu_order":0,"comment_status":"open","ping_status":"open","template":"full_width.php","meta":[],"_links":{"self":[{"href":"https:\/\/corsieridelpalio.com\/fr\/wp-json\/wp\/v2\/pages\/15946"}],"collection":[{"href":"https:\/\/corsieridelpalio.com\/fr\/wp-json\/wp\/v2\/pages"}],"about":[{"href":"https:\/\/corsieridelpalio.com\/fr\/wp-json\/wp\/v2\/types\/page"}],"author":[{"embeddable":true,"href":"https:\/\/corsieridelpalio.com\/fr\/wp-json\/wp\/v2\/users\/1"}],"replies":[{"embeddable":true,"href":"https:\/\/corsieridelpalio.com\/fr\/wp-json\/wp\/v2\/comments?post=15946"}],"version-history":[{"count":2,"href":"https:\/\/corsieridelpalio.com\/fr\/wp-json\/wp\/v2\/pages\/15946\/revisions"}],"predecessor-version":[{"id":15953,"href":"https:\/\/corsieridelpalio.com\/fr\/wp-json\/wp\/v2\/pages\/15946\/revisions\/15953"}],"wp:attachment":[{"href":"https:\/\/corsieridelpalio.com\/fr\/wp-json\/wp\/v2\/media?parent=15946"}],"curies":[{"name":"wp","href":"https:\/\/api.w.org\/{rel}","templated":true}]}}