{"id":15907,"date":"2014-05-20T07:51:11","date_gmt":"2014-05-20T07:51:11","guid":{"rendered":"https:\/\/corsieridelpalio.com\/home\/"},"modified":"2023-01-31T05:38:21","modified_gmt":"2023-01-31T05:38:21","slug":"home","status":"publish","type":"page","link":"https:\/\/corsieridelpalio.com\/fr\/","title":{"rendered":"Home"},"content":{"rendered":"<p>[vc_row css_animation=\u00a0\u00bb\u00a0\u00bb row_type=\u00a0\u00bbrow\u00a0\u00bb use_row_as_full_screen_section=\u00a0\u00bbno\u00a0\u00bb type=\u00a0\u00bbfull_width\u00a0\u00bb angled_section=\u00a0\u00bbno\u00a0\u00bb text_align=\u00a0\u00bbleft\u00a0\u00bb background_image_as_pattern=\u00a0\u00bbwithout_pattern\u00a0\u00bb][vc_column][vc_column_text]         <style>\r\n             #player69e16ac38b185.h5vp_player { width: ; border-radius: ; overflow: hidden; }        <\/style>\r\n        <div id=\"h5vp_player\">\r\n            <div data-unique-id=\"69e16ac38b1e8\" id=\"player69e16ac38b185\" class=\"h5vp_player h5vp_player_initializer\" data-settings=\"{&quot;options&quot;:{&quot;controls&quot;:[&quot;play-large&quot;,&quot;rewind&quot;,&quot;play&quot;,&quot;fast-forward&quot;,&quot;progress&quot;,&quot;current-time&quot;,&quot;mute&quot;,&quot;volume&quot;,&quot;settings&quot;,&quot;fullscreen&quot;],&quot;loop&quot;:{&quot;active&quot;:false},&quot;muted&quot;:false,&quot;hideControls&quot;:true,&quot;autoplay&quot;:true,&quot;tooltips&quot;:{&quot;controls&quot;:true,&quot;seek&quot;:true},&quot;resetOnEnd&quot;:true,&quot;captions&quot;:{&quot;active&quot;:true,&quot;update&quot;:true}},&quot;infos&quot;:{&quot;source&quot;:&quot;https:\\\/\\\/corsieridelpalio.com\\\/video\\\/dali_fr.mp4&quot;,&quot;poster&quot;:&quot;https:\\\/\\\/corsieridelpalio.com\\\/wp-content\\\/uploads\\\/2022\\\/12\\\/sfondo.jpg&quot;,&quot;skin&quot;:&quot;default&quot;,&quot;pause_other&quot;:false,&quot;id&quot;:0}}\">\r\n                <video playsinline poster=\"https:\/\/corsieridelpalio.com\/wp-content\/uploads\/2022\/12\/sfondo.jpg\"  autoplay >\r\n                    <source src=\"https:\/\/corsieridelpalio.com\/video\/dali_fr.mp4\" type=\"video\/mp4\">\r\n                    Your browser does not support the video tag.\r\n                <\/video>\r\n            <\/div>\r\n        <\/div>\r\n        [\/vc_column_text][\/vc_column][\/vc_row][vc_row css_animation=\u00a0\u00bb\u00a0\u00bb row_type=\u00a0\u00bbrow\u00a0\u00bb use_row_as_full_screen_section=\u00a0\u00bbno\u00a0\u00bb type=\u00a0\u00bbfull_width\u00a0\u00bb angled_section=\u00a0\u00bbno\u00a0\u00bb text_align=\u00a0\u00bbleft\u00a0\u00bb background_image_as_pattern=\u00a0\u00bbwithout_pattern\u00a0\u00bb][vc_column][qode_elements_holder number_of_columns=\u00a0\u00bbtwo_columns\u00a0\u00bb columns_proportion=\u00a0\u00bb66_33&Prime;][qode_elements_holder_item vertical_alignment=\u00a0\u00bbmiddle\u00a0\u00bb horizontal_alignment=\u00a0\u00bbleft\u00a0\u00bb advanced_animations=\u00a0\u00bbno\u00a0\u00bb item_padding=\u00a0\u00bb30px 30px 30px 30px\u00a0\u00bb][vc_column_text]<\/p>\n<p style=\"text-align: left;\"><span style=\"font-weight: 400;\">Le Vermouth di Torino Corsieri del Palio est un hommage \u00e0 l\u2019historique ville d\u2019Asti, forte de son pass\u00e9 m\u00e9di\u00e9val et de son lien avec un \u00e9v\u00e9nement tout aussi ancien\u00a0: \u00ab\u00a0Il Palio\u00a0\u00bb. Une ancienne recette qui est l\u2019embl\u00e8me des racines du Pi\u00e9mont.<\/span><\/p>\n<p>&nbsp;<\/p>\n<p style=\"text-align: left;\"><span style=\"font-weight: 400;\">Le \u00ab\u00a0Corsiero\u00a0\u00bb est un cheval de course noble, fort et majestueux, fier et d\u00e9termin\u00e9 \u00e0 relever les d\u00e9fis. Tout comme notre Vermouth, au caract\u00e8re prononc\u00e9 et \u00e9quilibr\u00e9, avec des notes douces-am\u00e8res et une finale agrum\u00e9e.<\/span><\/p>\n<p>&nbsp;<\/p>\n<p style=\"text-align: left;\"><span style=\"font-weight: 400;\">Sa recette se base sur une s\u00e9lection minutieuse d\u2019herbes et d\u2019\u00e9pices, infus\u00e9es s\u00e9par\u00e9ment \u00e0 chaud ou extraites \u00e0 froid puis m\u00e9lang\u00e9es, apr\u00e8s que tout le parfum et l&rsquo;ar\u00f4me aient \u00e9t\u00e9 naturellement absorb\u00e9s par chaque infusion.<\/span><\/p>\n<p>&nbsp;<\/p>\n<p style=\"text-align: left;\"><span style=\"font-weight: 400;\">Parmi les principaux ingr\u00e9dients, citons la c\u00e9l\u00e8bre et indispensable armoise, mais aussi des zestes d\u2019orange am\u00e8re, de la cannelle, de la vanille Bourbon, de la gentiane, du safran, du macis, du baume de Tolu, du quinquina (china calissaia), de la r\u00e9sine de myrrhe en larmes, de la rhubarbe de Moscovie, des graines de coriandre et de la sarriette. Le Vermouth di Torino Corsieri del Palio est excellent consomm\u00e9 seul. Il peut \u00eatre d\u00e9gust\u00e9 avec une eau tonique de qualit\u00e9, pour un ap\u00e9ritif l\u00e9ger, et est \u00e9galement excellent comme ingr\u00e9dient pour la pr\u00e9paration des cocktails les plus classiques et renomm\u00e9s, comme le Negroni et le Manhattan.<\/span><\/p>\n<p>[\/vc_column_text][\/qode_elements_holder_item][qode_elements_holder_item horizontal_alignment=\u00a0\u00bbright\u00a0\u00bb advanced_animations=\u00a0\u00bbno\u00a0\u00bb item_padding=\u00a0\u00bb0px 0px 0px 0px\u00a0\u00bb][vc_single_image image=\u00a0\u00bb15487&Prime; img_size=\u00a0\u00bbfull\u00a0\u00bb alignment=\u00a0\u00bbright\u00a0\u00bb qode_css_animation=\u00a0\u00bb\u00a0\u00bb][\/qode_elements_holder_item][\/qode_elements_holder][\/vc_column][\/vc_row]<\/p>\n","protected":false},"excerpt":{"rendered":"<p>[vc_row css_animation=\u00a0\u00bb\u00a0\u00bb row_type=\u00a0\u00bbrow\u00a0\u00bb use_row_as_full_screen_section=\u00a0\u00bbno\u00a0\u00bb type=\u00a0\u00bbfull_width\u00a0\u00bb angled_section=\u00a0\u00bbno\u00a0\u00bb text_align=\u00a0\u00bbleft\u00a0\u00bb background_image_as_pattern=\u00a0\u00bbwithout_pattern\u00a0\u00bb][vc_column][vc_column_text][\/vc_column_text][\/vc_column][\/vc_row][vc_row css_animation=\u00a0\u00bb\u00a0\u00bb row_type=\u00a0\u00bbrow\u00a0\u00bb use_row_as_full_screen_section=\u00a0\u00bbno\u00a0\u00bb type=\u00a0\u00bbfull_width\u00a0\u00bb angled_section=\u00a0\u00bbno\u00a0\u00bb text_align=\u00a0\u00bbleft\u00a0\u00bb background_image_as_pattern=\u00a0\u00bbwithout_pattern\u00a0\u00bb][vc_column][qode_elements_holder number_of_columns=\u00a0\u00bbtwo_columns\u00a0\u00bb columns_proportion=\u00a0\u00bb66_33&Prime;][qode_elements_holder_item vertical_alignment=\u00a0\u00bbmiddle\u00a0\u00bb horizontal_alignment=\u00a0\u00bbleft\u00a0\u00bb advanced_animations=\u00a0\u00bbno\u00a0\u00bb item_padding=\u00a0\u00bb30px 30px 30px 30px\u00a0\u00bb][vc_column_text] Le Vermouth di Torino Corsieri del Palio est un hommage \u00e0 l\u2019historique ville d\u2019Asti, forte de son pass\u00e9 m\u00e9di\u00e9val et de&#8230;<\/p>\n","protected":false},"author":1,"featured_media":0,"parent":0,"menu_order":0,"comment_status":"open","ping_status":"open","template":"full_width.php","meta":[],"_links":{"self":[{"href":"https:\/\/corsieridelpalio.com\/fr\/wp-json\/wp\/v2\/pages\/15907"}],"collection":[{"href":"https:\/\/corsieridelpalio.com\/fr\/wp-json\/wp\/v2\/pages"}],"about":[{"href":"https:\/\/corsieridelpalio.com\/fr\/wp-json\/wp\/v2\/types\/page"}],"author":[{"embeddable":true,"href":"https:\/\/corsieridelpalio.com\/fr\/wp-json\/wp\/v2\/users\/1"}],"replies":[{"embeddable":true,"href":"https:\/\/corsieridelpalio.com\/fr\/wp-json\/wp\/v2\/comments?post=15907"}],"version-history":[{"count":3,"href":"https:\/\/corsieridelpalio.com\/fr\/wp-json\/wp\/v2\/pages\/15907\/revisions"}],"predecessor-version":[{"id":16254,"href":"https:\/\/corsieridelpalio.com\/fr\/wp-json\/wp\/v2\/pages\/15907\/revisions\/16254"}],"wp:attachment":[{"href":"https:\/\/corsieridelpalio.com\/fr\/wp-json\/wp\/v2\/media?parent=15907"}],"curies":[{"name":"wp","href":"https:\/\/api.w.org\/{rel}","templated":true}]}}