{"id":15910,"date":"2014-05-20T07:51:11","date_gmt":"2014-05-20T07:51:11","guid":{"rendered":"https:\/\/corsieridelpalio.com\/home\/"},"modified":"2023-01-31T05:35:56","modified_gmt":"2023-01-31T05:35:56","slug":"home","status":"publish","type":"page","link":"https:\/\/corsieridelpalio.com\/es\/","title":{"rendered":"Home"},"content":{"rendered":"<p>[vc_row css_animation=\u00bb\u00bb row_type=\u00bbrow\u00bb use_row_as_full_screen_section=\u00bbno\u00bb type=\u00bbfull_width\u00bb angled_section=\u00bbno\u00bb text_align=\u00bbleft\u00bb background_image_as_pattern=\u00bbwithout_pattern\u00bb][vc_column][vc_column_text]         <style>\r\n             #player69e16aaca3e90.h5vp_player { width: ; border-radius: ; overflow: hidden; }        <\/style>\r\n        <div id=\"h5vp_player\">\r\n            <div data-unique-id=\"69e16aaca3eee\" id=\"player69e16aaca3e90\" class=\"h5vp_player h5vp_player_initializer\" data-settings=\"{&quot;options&quot;:{&quot;controls&quot;:[&quot;play-large&quot;,&quot;rewind&quot;,&quot;play&quot;,&quot;fast-forward&quot;,&quot;progress&quot;,&quot;current-time&quot;,&quot;mute&quot;,&quot;volume&quot;,&quot;settings&quot;,&quot;fullscreen&quot;],&quot;loop&quot;:{&quot;active&quot;:false},&quot;muted&quot;:false,&quot;hideControls&quot;:true,&quot;autoplay&quot;:true,&quot;tooltips&quot;:{&quot;controls&quot;:true,&quot;seek&quot;:true},&quot;resetOnEnd&quot;:true,&quot;captions&quot;:{&quot;active&quot;:true,&quot;update&quot;:true}},&quot;infos&quot;:{&quot;source&quot;:&quot;https:\\\/\\\/corsieridelpalio.com\\\/video\\\/dali_es.mp4&quot;,&quot;poster&quot;:&quot;https:\\\/\\\/corsieridelpalio.com\\\/wp-content\\\/uploads\\\/2022\\\/12\\\/sfondo.jpg&quot;,&quot;skin&quot;:&quot;default&quot;,&quot;pause_other&quot;:false,&quot;id&quot;:0}}\">\r\n                <video playsinline poster=\"https:\/\/corsieridelpalio.com\/wp-content\/uploads\/2022\/12\/sfondo.jpg\"  autoplay >\r\n                    <source src=\"https:\/\/corsieridelpalio.com\/video\/dali_es.mp4\" type=\"video\/mp4\">\r\n                    Your browser does not support the video tag.\r\n                <\/video>\r\n            <\/div>\r\n        <\/div>\r\n        [\/vc_column_text][\/vc_column][\/vc_row][vc_row css_animation=\u00bb\u00bb row_type=\u00bbrow\u00bb use_row_as_full_screen_section=\u00bbno\u00bb type=\u00bbfull_width\u00bb angled_section=\u00bbno\u00bb text_align=\u00bbleft\u00bb background_image_as_pattern=\u00bbwithout_pattern\u00bb][vc_column][qode_elements_holder number_of_columns=\u00bbtwo_columns\u00bb columns_proportion=\u00bb66_33&#8243;][qode_elements_holder_item vertical_alignment=\u00bbmiddle\u00bb horizontal_alignment=\u00bbleft\u00bb advanced_animations=\u00bbno\u00bb item_padding=\u00bb30px 30px 30px 30px\u00bb][vc_column_text]<span style=\"font-weight: 400;\">El Vermouth di Torino Corsieri del Palio es un homenaje a la hist\u00f3rica ciudad de Asti, con su pasado medieval y su v\u00ednculo con otro evento igualmente antiguo: \u00abIl Palio\u00bb. Una antigua receta que refleja las ra\u00edces del Piamonte.<\/span><\/p>\n<p>&nbsp;<\/p>\n<p><span style=\"font-weight: 400;\">El \u00abCorsiero\u00bb es un caballo de carreras noble, fuerte y bello, orgulloso y audaz en el desaf\u00edo. Como lo es nuestro vermouth, decidido y equilibrado, con notas dulces-amargas y un final c\u00edtrico.<\/span><\/p>\n<p>&nbsp;<\/p>\n<p><span style=\"font-weight: 400;\">Su receta incluye una esmerada selecci\u00f3n de hierbas y especias, sometidas a infusi\u00f3n en caliente de forma individual o a extracci\u00f3n en fr\u00edo y mezcladas exclusivamente tras este proceso, una vez que todo el perfume y el aroma han sido absorbidos de forma natural por cada una de las infusiones.<\/span><\/p>\n<p>&nbsp;<\/p>\n<p><span style=\"font-weight: 400;\">Entre los ingredientes principales, adem\u00e1s de la famosa e indispensable artemisa, encontramos corteza de naranja amarga, canela, vainilla Bourbon, genciana, azafr\u00e1n, macis, b\u00e1lsamo de Tol\u00fa, quina calisaya, l\u00e1grimas de mirra, ruibarbo plano, semillas de cilantro, ajedrea. El Vermouth di Torino Corsieri del Palio es inigualable si se consume solo. Puede combinarse con una t\u00f3nica de calidad para un aperitivo ligero y resulta excelente como ingrediente para los m\u00e1s cl\u00e1sicos y renombrados c\u00f3cteles, como el Negroni y el Manhattan.<\/span>[\/vc_column_text][\/qode_elements_holder_item][qode_elements_holder_item horizontal_alignment=\u00bbright\u00bb advanced_animations=\u00bbno\u00bb item_padding=\u00bb0px 0px 0px 0px\u00bb][vc_single_image image=\u00bb15487&#8243; img_size=\u00bbfull\u00bb alignment=\u00bbright\u00bb qode_css_animation=\u00bb\u00bb][\/qode_elements_holder_item][\/qode_elements_holder][\/vc_column][\/vc_row]<\/p>\n","protected":false},"excerpt":{"rendered":"<p>[vc_row css_animation=\u00bb\u00bb row_type=\u00bbrow\u00bb use_row_as_full_screen_section=\u00bbno\u00bb type=\u00bbfull_width\u00bb angled_section=\u00bbno\u00bb text_align=\u00bbleft\u00bb background_image_as_pattern=\u00bbwithout_pattern\u00bb][vc_column][vc_column_text][\/vc_column_text][\/vc_column][\/vc_row][vc_row css_animation=\u00bb\u00bb row_type=\u00bbrow\u00bb use_row_as_full_screen_section=\u00bbno\u00bb type=\u00bbfull_width\u00bb angled_section=\u00bbno\u00bb text_align=\u00bbleft\u00bb background_image_as_pattern=\u00bbwithout_pattern\u00bb][vc_column][qode_elements_holder number_of_columns=\u00bbtwo_columns\u00bb columns_proportion=\u00bb66_33&#8243;][qode_elements_holder_item vertical_alignment=\u00bbmiddle\u00bb horizontal_alignment=\u00bbleft\u00bb advanced_animations=\u00bbno\u00bb item_padding=\u00bb30px 30px 30px 30px\u00bb][vc_column_text]El Vermouth di Torino Corsieri del Palio es un homenaje a la hist\u00f3rica ciudad de Asti, con su pasado medieval y su&#8230;<\/p>\n","protected":false},"author":1,"featured_media":0,"parent":0,"menu_order":0,"comment_status":"open","ping_status":"open","template":"full_width.php","meta":[],"_links":{"self":[{"href":"https:\/\/corsieridelpalio.com\/es\/wp-json\/wp\/v2\/pages\/15910"}],"collection":[{"href":"https:\/\/corsieridelpalio.com\/es\/wp-json\/wp\/v2\/pages"}],"about":[{"href":"https:\/\/corsieridelpalio.com\/es\/wp-json\/wp\/v2\/types\/page"}],"author":[{"embeddable":true,"href":"https:\/\/corsieridelpalio.com\/es\/wp-json\/wp\/v2\/users\/1"}],"replies":[{"embeddable":true,"href":"https:\/\/corsieridelpalio.com\/es\/wp-json\/wp\/v2\/comments?post=15910"}],"version-history":[{"count":5,"href":"https:\/\/corsieridelpalio.com\/es\/wp-json\/wp\/v2\/pages\/15910\/revisions"}],"predecessor-version":[{"id":16252,"href":"https:\/\/corsieridelpalio.com\/es\/wp-json\/wp\/v2\/pages\/15910\/revisions\/16252"}],"wp:attachment":[{"href":"https:\/\/corsieridelpalio.com\/es\/wp-json\/wp\/v2\/media?parent=15910"}],"curies":[{"name":"wp","href":"https:\/\/api.w.org\/{rel}","templated":true}]}}