{"id":15947,"date":"2022-01-17T11:52:17","date_gmt":"2022-01-17T11:52:17","guid":{"rendered":"https:\/\/corsieridelpalio.com\/tasting-notes\/"},"modified":"2022-03-08T13:04:01","modified_gmt":"2022-03-08T13:04:01","slug":"tasting-notes","status":"publish","type":"page","link":"https:\/\/corsieridelpalio.com\/de\/tasting-notes\/","title":{"rendered":"VERKOSTUNGSNOTIZ"},"content":{"rendered":"<p>[vc_row css_animation=&#8220;element_from_fade&#8220; row_type=&#8220;row&#8220; use_row_as_full_screen_section=&#8220;no&#8220; type=&#8220;grid&#8220; angled_section=&#8220;no&#8220; text_align=&#8220;left&#8220; background_image_as_pattern=&#8220;without_pattern&#8220; z_index=&#8220;&#8220; padding_bottom=&#8220;50&#8243;][vc_column width=&#8220;1\/2&#8243;][vc_single_image image=&#8220;15425&#8243; img_size=&#8220;full&#8220; alignment=&#8220;center&#8220; qode_css_animation=&#8220;element_from_left&#8220;][vc_empty_space height=&#8220;20px&#8220;][\/vc_column][vc_column css_animation=&#8220;none&#8220; width=&#8220;1\/2&#8243;][vc_empty_space height=&#8220;100px&#8220;][vc_column_text]<\/p>\n<h1>Vermouth di Torino Corsieri del Palio Rosso<\/h1>\n<p>[\/vc_column_text][vc_empty_space height=&#8220;50px&#8220;][vc_column_text]<\/p>\n<ul>\n<li><span style=\"font-weight: 400;\"><strong>Produktionsgebiet<\/strong>: Asti<\/span><\/li>\n<li><strong>Verwendeter Wein:<\/strong> aus wei\u00dfen Rebsorten<\/li>\n<li><strong>Zutaten<\/strong>: Wein, Zucker, Alkohol, Extrakte aus Botanicals, Kr\u00e4utern und Gew\u00fcrzen<\/li>\n<li><strong>Alkoholgehalt<\/strong>: 16,5 % vol<\/li>\n<li><strong>Farbe<\/strong>: bernstein-rubinfarben<\/li>\n<li><strong>Duft<\/strong>: erlesene, intensive Eindr\u00fccke von Zitrusnoten und Gew\u00fcrzen; sehr komplex mit kr\u00e4ftigen Noten nach s\u00fc\u00dfen und bitteren Orangen, Rhabarber, Zimt, Vanille und Enzian<\/li>\n<li><strong>Geschmack<\/strong>: s\u00fc\u00df, cremige Textur mit einem angenehm bitteren Nachhall<\/li>\n<li><strong>Serviertemperatur<\/strong>: 6\u20138 \u00b0C<\/li>\n<li><strong>Trinkempfehlung<\/strong>: pur genie\u00dfen oder auf Eis. Ausgezeichnet als Zutat zum Cocktail-Mixen<\/li>\n<\/ul>\n<p>[\/vc_column_text][vc_empty_space height=&#8220;20px&#8220;][\/vc_column][\/vc_row][vc_row css_animation=&#8220;element_from_fade&#8220; row_type=&#8220;row&#8220; use_row_as_full_screen_section=&#8220;no&#8220; type=&#8220;grid&#8220; angled_section=&#8220;no&#8220; text_align=&#8220;left&#8220; background_image_as_pattern=&#8220;without_pattern&#8220; z_index=&#8220;&#8220; padding_bottom=&#8220;50&#8243;][vc_column width=&#8220;1\/2&#8243;][vc_single_image image=&#8220;15508&#8243; img_size=&#8220;full&#8220; alignment=&#8220;center&#8220; qode_css_animation=&#8220;element_from_left&#8220;][vc_empty_space height=&#8220;20px&#8220;][\/vc_column][vc_column css_animation=&#8220;none&#8220; width=&#8220;1\/2&#8243;][vc_empty_space height=&#8220;100px&#8220;][vc_column_text]<\/p>\n<h1>Vermouth di Torino Corsieri del Palio Bianco<\/h1>\n<p>[\/vc_column_text][vc_empty_space height=&#8220;50px&#8220;][vc_column_text]<\/p>\n<ul>\n<li><span style=\"font-weight: 400;\"><strong>Produktionsgebiet<\/strong>: Asti<\/span><\/li>\n<li><strong>Verwendeter Wein<\/strong>: aus wei\u00dfen Rebsorten<\/li>\n<li><strong>Zutaten<\/strong>: Wein, Zucker, Alkohol, Extrakte aus Botanicals, Kr\u00e4utern und Gew\u00fcrzen<\/li>\n<li><strong>Alkoholgehalt<\/strong>: 16,5 % vol<\/li>\n<li><strong>Farbe<\/strong>: blass goldfarben<\/li>\n<li><strong>Duft<\/strong>: erlesene, intensive Eindr\u00fccke von Lindenbl\u00fcten und Gew\u00fcrzen. Komplex mit weinigen Aromen und Noten nach Gew\u00fcrznelken und Muskatnuss.<\/li>\n<li><strong>Geschmack<\/strong>: cremige Textur, vielschichtig und feinw\u00fcrzig (Zimt und Vanille) mit fokussierter Bitterkeit<\/li>\n<li><strong>Serviertemperatur<\/strong>: 6\u20138 \u00b0C<\/li>\n<li><strong>Trinkempfehlung<\/strong>: pur genie\u00dfen oder auf Eis. Ausgezeichnet als Zutat zum Cocktail-Mixen<\/li>\n<\/ul>\n<p>[\/vc_column_text][vc_empty_space height=&#8220;20px&#8220;][\/vc_column][\/vc_row]<\/p>\n","protected":false},"excerpt":{"rendered":"<p>[vc_row css_animation=&#8220;element_from_fade&#8220; row_type=&#8220;row&#8220; use_row_as_full_screen_section=&#8220;no&#8220; type=&#8220;grid&#8220; angled_section=&#8220;no&#8220; text_align=&#8220;left&#8220; background_image_as_pattern=&#8220;without_pattern&#8220; z_index=&#8220;&#8220; padding_bottom=&#8220;50&#8243;][vc_column width=&#8220;1\/2&#8243;][vc_single_image image=&#8220;15425&#8243; img_size=&#8220;full&#8220; alignment=&#8220;center&#8220; qode_css_animation=&#8220;element_from_left&#8220;][vc_empty_space height=&#8220;20px&#8220;][\/vc_column][vc_column css_animation=&#8220;none&#8220; width=&#8220;1\/2&#8243;][vc_empty_space height=&#8220;100px&#8220;][vc_column_text] Vermouth di Torino Corsieri del Palio Rosso [\/vc_column_text][vc_empty_space height=&#8220;50px&#8220;][vc_column_text] Produktionsgebiet: Asti Verwendeter Wein: aus wei\u00dfen Rebsorten Zutaten: Wein, Zucker, Alkohol, Extrakte aus Botanicals, Kr\u00e4utern und Gew\u00fcrzen&#8230;<\/p>\n","protected":false},"author":1,"featured_media":0,"parent":0,"menu_order":0,"comment_status":"open","ping_status":"open","template":"full_width.php","meta":[],"_links":{"self":[{"href":"https:\/\/corsieridelpalio.com\/de\/wp-json\/wp\/v2\/pages\/15947"}],"collection":[{"href":"https:\/\/corsieridelpalio.com\/de\/wp-json\/wp\/v2\/pages"}],"about":[{"href":"https:\/\/corsieridelpalio.com\/de\/wp-json\/wp\/v2\/types\/page"}],"author":[{"embeddable":true,"href":"https:\/\/corsieridelpalio.com\/de\/wp-json\/wp\/v2\/users\/1"}],"replies":[{"embeddable":true,"href":"https:\/\/corsieridelpalio.com\/de\/wp-json\/wp\/v2\/comments?post=15947"}],"version-history":[{"count":2,"href":"https:\/\/corsieridelpalio.com\/de\/wp-json\/wp\/v2\/pages\/15947\/revisions"}],"predecessor-version":[{"id":15955,"href":"https:\/\/corsieridelpalio.com\/de\/wp-json\/wp\/v2\/pages\/15947\/revisions\/15955"}],"wp:attachment":[{"href":"https:\/\/corsieridelpalio.com\/de\/wp-json\/wp\/v2\/media?parent=15947"}],"curies":[{"name":"wp","href":"https:\/\/api.w.org\/{rel}","templated":true}]}}