{"id":15922,"date":"2022-01-17T10:53:06","date_gmt":"2022-01-17T10:53:06","guid":{"rendered":"https:\/\/corsieridelpalio.com\/vermouth-di-torino\/"},"modified":"2022-03-08T12:40:57","modified_gmt":"2022-03-08T12:40:57","slug":"vermouth-di-torino","status":"publish","type":"page","link":"https:\/\/corsieridelpalio.com\/de\/vermouth-di-torino\/","title":{"rendered":"VERMOUTH DI TORINO, EINE ANTIKE URSPRUNGSBEZEICHNUNG"},"content":{"rendered":"<p>[vc_row css_animation=&#8220;element_from_fade&#8220; row_type=&#8220;row&#8220; use_row_as_full_screen_section=&#8220;no&#8220; type=&#8220;grid&#8220; angled_section=&#8220;no&#8220; text_align=&#8220;left&#8220; background_image_as_pattern=&#8220;without_pattern&#8220; z_index=&#8220;&#8220; padding_bottom=&#8220;50&#8243;][vc_column][vc_column_text]<span style=\"font-weight: 400;\">Der Wermut ist der ber\u00fchmteste aromatisierte Wein Italiens. Seine Geschichte entwickelte sich in der zweiten H\u00e4lfte des 19. Jahrhunderts mit einer bedeutenden Pr\u00e4senz im typischen Anbaugebiet des Moscato. Er setzte sich zun\u00e4chst national durch und fand dann in vielen anderen L\u00e4ndern neue M\u00e4rkte. Der Vermouth di Torino muss <strong>mindestens 75 % Wein enthalten<\/strong>. Die Hersteller von Vermouth di Torino m\u00fcssen die Verwendung von Kr\u00e4utern und Gew\u00fcrzen sorgf\u00e4ltig abw\u00e4gen und zusammenstellen, auch abh\u00e4ngig von den spezifischen Eigenschaften der verwendeten Basisweine.<\/span>[\/vc_column_text][\/vc_column][\/vc_row][vc_row row_type=&#8220;parallax&#8220; parallax_content_width=&#8220;in_grid&#8220; text_align=&#8220;left&#8220; full_screen_section_height=&#8220;no&#8220; background_image=&#8220;15391&#8243; section_height=&#8220;645&#8243;][vc_column][\/vc_column][\/vc_row][vc_row css_animation=&#8220;element_from_fade&#8220; row_type=&#8220;row&#8220; use_row_as_full_screen_section=&#8220;no&#8220; type=&#8220;grid&#8220; angled_section=&#8220;no&#8220; text_align=&#8220;left&#8220; background_image_as_pattern=&#8220;without_pattern&#8220; z_index=&#8220;&#8220; padding_bottom=&#8220;50&#8243; padding_top=&#8220;50&#8243;][vc_column][vc_column_text]<span style=\"font-weight: 400;\">Die \u00fcber drei Jahrhunderte dauernde Geschichte des Vermouth di Torino ist eng mit seinem Genuss als Aperitif verbunden. Seine heutige Pr\u00e4senz wird zunehmend davon bestimmt, ein unverzichtbarer Protagonist in den Bars zu sein. Die erste italienische Rechtsvorschrift zum Wermut war die Verordnung Nr. 1969 vom 9. November 1933, die allgemeine Hinweise zum Differenzieren des Produkts enthielt <\/span><b>(Mindestalkoholgehalt, Zuckergehalt, Volumenanteil des Grundweins und zugesetzte Elemente)<\/b><span style=\"font-weight: 400;\">. Die erste Verordnung der Europ\u00e4ischen Gemeinschaft, die Vermouth di Torino anerkennt, stammt aus dem Jahr 1991 (Reg. EG n. 1601).<\/span>[\/vc_column_text][\/vc_column][\/vc_row][vc_row row_type=&#8220;parallax&#8220; parallax_content_width=&#8220;in_grid&#8220; text_align=&#8220;left&#8220; full_screen_section_height=&#8220;no&#8220; background_image=&#8220;15396&#8243; section_height=&#8220;645&#8243;][vc_column][\/vc_column][\/vc_row][vc_row css_animation=&#8220;element_from_fade&#8220; row_type=&#8220;row&#8220; use_row_as_full_screen_section=&#8220;no&#8220; type=&#8220;grid&#8220; angled_section=&#8220;no&#8220; text_align=&#8220;left&#8220; background_image_as_pattern=&#8220;without_pattern&#8220; z_index=&#8220;&#8220; padding_bottom=&#8220;50&#8243; padding_top=&#8220;50&#8243;][vc_column][vc_column_text]<span style=\"font-weight: 400;\">Im Jahr 2017 erhielt der Vermouth di Torino von der Europ\u00e4ischen Gemeinschaft das Siegel <\/span><b>g.g.A. (gesch\u00fctzte geografische Angabe)<\/b><span style=\"font-weight: 400;\">, italienisch IGP. Um die Bezeichnung Vermouth di Torino tragen zu d\u00fcrfen, muss der Wermut nicht nur im Piemont hergestellt und abgef\u00fcllt werden, sondern auch bestimmte Produktionsregeln erf\u00fcllen, wie: <\/span><b>die Grundweine m\u00fcssen alle italienischer Herkunft sein, die verwendeten Kr\u00e4uter m\u00fcssen im Piemont<\/b><span style=\"font-weight: 400;\"> angebaut werden und das Endprodukt muss einen Mindestalkoholgehalt <\/span><b>von 16 % vol haben.<\/b>[\/vc_column_text][\/vc_column][\/vc_row]<\/p>\n","protected":false},"excerpt":{"rendered":"<p>[vc_row css_animation=&#8220;element_from_fade&#8220; row_type=&#8220;row&#8220; use_row_as_full_screen_section=&#8220;no&#8220; type=&#8220;grid&#8220; angled_section=&#8220;no&#8220; text_align=&#8220;left&#8220; background_image_as_pattern=&#8220;without_pattern&#8220; z_index=&#8220;&#8220; padding_bottom=&#8220;50&#8243;][vc_column][vc_column_text]Der Wermut ist der ber\u00fchmteste aromatisierte Wein Italiens. Seine Geschichte entwickelte sich in der zweiten H\u00e4lfte des 19. Jahrhunderts mit einer bedeutenden Pr\u00e4senz im typischen Anbaugebiet des Moscato. Er setzte sich zun\u00e4chst national durch und fand&#8230;<\/p>\n","protected":false},"author":1,"featured_media":0,"parent":0,"menu_order":0,"comment_status":"open","ping_status":"open","template":"full_width.php","meta":[],"_links":{"self":[{"href":"https:\/\/corsieridelpalio.com\/de\/wp-json\/wp\/v2\/pages\/15922"}],"collection":[{"href":"https:\/\/corsieridelpalio.com\/de\/wp-json\/wp\/v2\/pages"}],"about":[{"href":"https:\/\/corsieridelpalio.com\/de\/wp-json\/wp\/v2\/types\/page"}],"author":[{"embeddable":true,"href":"https:\/\/corsieridelpalio.com\/de\/wp-json\/wp\/v2\/users\/1"}],"replies":[{"embeddable":true,"href":"https:\/\/corsieridelpalio.com\/de\/wp-json\/wp\/v2\/comments?post=15922"}],"version-history":[{"count":2,"href":"https:\/\/corsieridelpalio.com\/de\/wp-json\/wp\/v2\/pages\/15922\/revisions"}],"predecessor-version":[{"id":15929,"href":"https:\/\/corsieridelpalio.com\/de\/wp-json\/wp\/v2\/pages\/15922\/revisions\/15929"}],"wp:attachment":[{"href":"https:\/\/corsieridelpalio.com\/de\/wp-json\/wp\/v2\/media?parent=15922"}],"curies":[{"name":"wp","href":"https:\/\/api.w.org\/{rel}","templated":true}]}}