{"id":15908,"date":"2014-05-20T07:51:11","date_gmt":"2014-05-20T07:51:11","guid":{"rendered":"https:\/\/corsieridelpalio.com\/home\/"},"modified":"2023-01-31T05:37:14","modified_gmt":"2023-01-31T05:37:14","slug":"home","status":"publish","type":"page","link":"https:\/\/corsieridelpalio.com\/de\/","title":{"rendered":"Home"},"content":{"rendered":"<p>[vc_row css_animation=&#8220;&#8220; row_type=&#8220;row&#8220; use_row_as_full_screen_section=&#8220;no&#8220; type=&#8220;full_width&#8220; angled_section=&#8220;no&#8220; text_align=&#8220;left&#8220; background_image_as_pattern=&#8220;without_pattern&#8220;][vc_column][vc_column_text]         <style>\r\n             #player69e1690e80bf1.h5vp_player { width: ; border-radius: ; overflow: hidden; }        <\/style>\r\n        <div id=\"h5vp_player\">\r\n            <div data-unique-id=\"69e1690e80c45\" id=\"player69e1690e80bf1\" class=\"h5vp_player h5vp_player_initializer\" data-settings=\"{&quot;options&quot;:{&quot;controls&quot;:[&quot;play-large&quot;,&quot;rewind&quot;,&quot;play&quot;,&quot;fast-forward&quot;,&quot;progress&quot;,&quot;current-time&quot;,&quot;mute&quot;,&quot;volume&quot;,&quot;settings&quot;,&quot;fullscreen&quot;],&quot;loop&quot;:{&quot;active&quot;:false},&quot;muted&quot;:false,&quot;hideControls&quot;:true,&quot;autoplay&quot;:true,&quot;tooltips&quot;:{&quot;controls&quot;:true,&quot;seek&quot;:true},&quot;resetOnEnd&quot;:true,&quot;captions&quot;:{&quot;active&quot;:true,&quot;update&quot;:true}},&quot;infos&quot;:{&quot;source&quot;:&quot;https:\\\/\\\/corsieridelpalio.com\\\/video\\\/dali_de.mp4&quot;,&quot;poster&quot;:&quot;https:\\\/\\\/corsieridelpalio.com\\\/wp-content\\\/uploads\\\/2022\\\/12\\\/sfondo.jpg&quot;,&quot;skin&quot;:&quot;default&quot;,&quot;pause_other&quot;:false,&quot;id&quot;:0}}\">\r\n                <video playsinline poster=\"https:\/\/corsieridelpalio.com\/wp-content\/uploads\/2022\/12\/sfondo.jpg\"  autoplay >\r\n                    <source src=\"https:\/\/corsieridelpalio.com\/video\/dali_de.mp4\" type=\"video\/mp4\">\r\n                    Your browser does not support the video tag.\r\n                <\/video>\r\n            <\/div>\r\n        <\/div>\r\n        [\/vc_column_text][\/vc_column][\/vc_row][vc_row css_animation=&#8220;&#8220; row_type=&#8220;row&#8220; use_row_as_full_screen_section=&#8220;no&#8220; type=&#8220;full_width&#8220; angled_section=&#8220;no&#8220; text_align=&#8220;left&#8220; background_image_as_pattern=&#8220;without_pattern&#8220;][vc_column][qode_elements_holder number_of_columns=&#8220;two_columns&#8220; columns_proportion=&#8220;66_33&#8243;][qode_elements_holder_item vertical_alignment=&#8220;middle&#8220; horizontal_alignment=&#8220;left&#8220; advanced_animations=&#8220;no&#8220; item_padding=&#8220;30px 30px 30px 30px&#8220;][vc_column_text]<span style=\"font-weight: 400;\">Der Wermut \u201eVermouth di Torino Corsieri del Palio\u201c ist eine Hommage an die historische Stadt Asti mit ihrer mittelalterlichen Vergangenheit und ihrer Verbindung mit einem ebenso alten Ereignis: dem \u201ePalio\u201c. Ein altes Rezept, das seine Wurzeln des Piemont widerspiegelt.<\/span><\/p>\n<p>&nbsp;<\/p>\n<p><span style=\"font-weight: 400;\">Der \u201eCorsiero\u201c ist ein edles Rennpferd, stark und sch\u00f6n, stolz und bereit, jeder Herausforderung zu trotzen. So wie auch unser Wermut, kr\u00e4ftig und zugleich ausgewogen ist, mit s\u00fc\u00dfen und bitteren Noten und einem Finale nach Zitrusfr\u00fcchten.<\/span><\/p>\n<p>&nbsp;<\/p>\n<p><span style=\"font-weight: 400;\">Seine Rezeptur erfordert eine sorgf\u00e4ltige Auswahl von Kr\u00e4utern und Gew\u00fcrzen, die jeweils einzeln, warm oder kalt extrahiert und erst anschlie\u00dfend, nachdem alle D\u00fcfte und Aromen auf nat\u00fcrliche Weise durch die einzelnen Aufg\u00fcsse absorbiert wurden, vermischt werden.<\/span><\/p>\n<p>&nbsp;<\/p>\n<p><span style=\"font-weight: 400;\">Unter den Hauptbestandteilen, neben dem ber\u00fchmten und unverzichtbaren Wermutkraut, finden wir Bitterorangen-Schalen, Zimt, Bourbon-Vanille, Enzian, Safran, Muskatbl\u00fcte, Eli-Tolu-Balsam, Chinarinde, Myrrhenharz, Rhabarber, Koriandersamen und Bohnenkraut. Der Vermouth di Torino Corsieri del Palio ist unvergleichlich, wenn er pur getrunken wird. Er kann mit einem hochwertigen Tonic Water zu einem leichten Aperitif werden und er eignet sich hervorragend als Zutat f\u00fcr die bekanntesten klassischen Cocktails, wie den Negroni oder Manhattan.<\/span>[\/vc_column_text][\/qode_elements_holder_item][qode_elements_holder_item horizontal_alignment=&#8220;right&#8220; advanced_animations=&#8220;no&#8220; item_padding=&#8220;0px 0px 0px 0px&#8220;][vc_single_image image=&#8220;15487&#8243; img_size=&#8220;full&#8220; alignment=&#8220;right&#8220; qode_css_animation=&#8220;&#8220;][\/qode_elements_holder_item][\/qode_elements_holder][\/vc_column][\/vc_row]<\/p>\n","protected":false},"excerpt":{"rendered":"<p>[vc_row css_animation=&#8220;&#8220; row_type=&#8220;row&#8220; use_row_as_full_screen_section=&#8220;no&#8220; type=&#8220;full_width&#8220; angled_section=&#8220;no&#8220; text_align=&#8220;left&#8220; background_image_as_pattern=&#8220;without_pattern&#8220;][vc_column][vc_column_text][\/vc_column_text][\/vc_column][\/vc_row][vc_row css_animation=&#8220;&#8220; row_type=&#8220;row&#8220; use_row_as_full_screen_section=&#8220;no&#8220; type=&#8220;full_width&#8220; angled_section=&#8220;no&#8220; text_align=&#8220;left&#8220; background_image_as_pattern=&#8220;without_pattern&#8220;][vc_column][qode_elements_holder number_of_columns=&#8220;two_columns&#8220; columns_proportion=&#8220;66_33&#8243;][qode_elements_holder_item vertical_alignment=&#8220;middle&#8220; horizontal_alignment=&#8220;left&#8220; advanced_animations=&#8220;no&#8220; item_padding=&#8220;30px 30px 30px 30px&#8220;][vc_column_text]Der Wermut \u201eVermouth di Torino Corsieri del Palio\u201c ist eine Hommage an die historische Stadt Asti mit ihrer mittelalterlichen Vergangenheit und ihrer&#8230;<\/p>\n","protected":false},"author":1,"featured_media":0,"parent":0,"menu_order":0,"comment_status":"open","ping_status":"open","template":"full_width.php","meta":[],"_links":{"self":[{"href":"https:\/\/corsieridelpalio.com\/de\/wp-json\/wp\/v2\/pages\/15908"}],"collection":[{"href":"https:\/\/corsieridelpalio.com\/de\/wp-json\/wp\/v2\/pages"}],"about":[{"href":"https:\/\/corsieridelpalio.com\/de\/wp-json\/wp\/v2\/types\/page"}],"author":[{"embeddable":true,"href":"https:\/\/corsieridelpalio.com\/de\/wp-json\/wp\/v2\/users\/1"}],"replies":[{"embeddable":true,"href":"https:\/\/corsieridelpalio.com\/de\/wp-json\/wp\/v2\/comments?post=15908"}],"version-history":[{"count":4,"href":"https:\/\/corsieridelpalio.com\/de\/wp-json\/wp\/v2\/pages\/15908\/revisions"}],"predecessor-version":[{"id":16253,"href":"https:\/\/corsieridelpalio.com\/de\/wp-json\/wp\/v2\/pages\/15908\/revisions\/16253"}],"wp:attachment":[{"href":"https:\/\/corsieridelpalio.com\/de\/wp-json\/wp\/v2\/media?parent=15908"}],"curies":[{"name":"wp","href":"https:\/\/api.w.org\/{rel}","templated":true}]}}